{"id":5370,"date":"2025-11-12T14:12:10","date_gmt":"2025-11-12T13:12:10","guid":{"rendered":"http:\/\/test.crystalharps.com\/product\/carrillon-de-barras-de-cristal-24-cascada-eterea-pura\/"},"modified":"2025-11-12T14:12:10","modified_gmt":"2025-11-12T13:12:10","slug":"carrillon-de-barras-de-cristal-24-cascada-eterea-pura","status":"publish","type":"product","link":"https:\/\/test.crystalharps.com\/es\/producto\/carrillon-de-barras-de-cristal-24-cascada-eterea-pura\/","title":{"rendered":"Carrill\u00f3n de barras de cristal 24 ~ Cascada et\u00e9rea pura"},"content":{"rendered":"<p><strong>Este instrumento de carrill\u00f3n de barras utiliza varillas de cristal aut\u00e9ntico para crear un sonido m\u00e1s et\u00e9reo y armonioso, que recuerda a estrellas fugaces o a una cascada et\u00e9rea.<\/strong><\/p>\n<p>El instrumento <strong>tiene 24 varillas hechas de cristal de cuarzo puro<\/strong>, que cambian gradualmente la vibraci\u00f3n de baja a alta.<\/p>\n<p>El sonido se mantiene durante mucho tiempo y las varillas se modulan juntas para crear la atm\u00f3sfera o el tel\u00f3n de fondo ac\u00fastico deseados.<\/p>\n<p>El instrumento est\u00e1 fabricado para que se sienta lo m\u00e1s transparente y et\u00e9reo posible.<\/p>\n<p>Tiene una empu\u00f1adura para transportarlo y un orificio de 8 mm para montarlo en un soporte.<\/p>\n<p>Puede pasar suavemente los dedos por encima o utilizar una peque\u00f1a baqueta para tocar pasajes seleccionados de todo el espectro sonoro.<\/p>\n<p><strong>Dimensiones del instrumento<\/strong>: 40 x 24 cm (15,7&#8243; x 9&#8243;)<\/p>\n<p>Actualmente disponible como <strong>reserva<\/strong>: Plazo de entrega: 1 mes.<\/p>\n","protected":false},"excerpt":{"rendered":"<p><strong>Este instrumento de carrill\u00f3n de barras utiliza varillas de cristal aut\u00e9ntico para crear un sonido m\u00e1s et\u00e9reo y armonioso, que recuerda a estrellas fugaces o a una cascada et\u00e9rea.<\/strong><\/p>\n<p>El instrumento <strong>tiene 24 varillas hechas de cristal de cuarzo puro<\/strong>, que cambian gradualmente la vibraci\u00f3n de baja a alta.<\/p>\n","protected":false},"featured_media":5810,"comment_status":"open","ping_status":"closed","template":"","meta":{"_wge_video_url":""},"product_brand":[],"product_cat":[168],"product_tag":[],"class_list":{"0":"post-5370","1":"product","2":"type-product","3":"status-publish","4":"has-post-thumbnail","6":"product_cat-campanillas-chimes","8":"first","9":"instock","10":"taxable","11":"shipping-taxable","12":"purchasable","13":"product-type-simple"},"aioseo_notices":[],"_links":{"self":[{"href":"https:\/\/test.crystalharps.com\/es\/wp-json\/wp\/v2\/product\/5370","targetHints":{"allow":["GET"]}}],"collection":[{"href":"https:\/\/test.crystalharps.com\/es\/wp-json\/wp\/v2\/product"}],"about":[{"href":"https:\/\/test.crystalharps.com\/es\/wp-json\/wp\/v2\/types\/product"}],"replies":[{"embeddable":true,"href":"https:\/\/test.crystalharps.com\/es\/wp-json\/wp\/v2\/comments?post=5370"}],"version-history":[{"count":0,"href":"https:\/\/test.crystalharps.com\/es\/wp-json\/wp\/v2\/product\/5370\/revisions"}],"wp:featuredmedia":[{"embeddable":true,"href":"https:\/\/test.crystalharps.com\/es\/wp-json\/wp\/v2\/media\/5810"}],"wp:attachment":[{"href":"https:\/\/test.crystalharps.com\/es\/wp-json\/wp\/v2\/media?parent=5370"}],"wp:term":[{"taxonomy":"product_brand","embeddable":true,"href":"https:\/\/test.crystalharps.com\/es\/wp-json\/wp\/v2\/product_brand?post=5370"},{"taxonomy":"product_cat","embeddable":true,"href":"https:\/\/test.crystalharps.com\/es\/wp-json\/wp\/v2\/product_cat?post=5370"},{"taxonomy":"product_tag","embeddable":true,"href":"https:\/\/test.crystalharps.com\/es\/wp-json\/wp\/v2\/product_tag?post=5370"}],"curies":[{"name":"wp","href":"https:\/\/api.w.org\/{rel}","templated":true}]}}