{"id":5405,"date":"2024-12-03T13:09:55","date_gmt":"2024-12-03T12:09:55","guid":{"rendered":"http:\/\/test.crystalharps.com\/product\/arpa-de-cristal-ligera-tierra-ligera-om-do\/"},"modified":"2024-12-03T13:09:55","modified_gmt":"2024-12-03T12:09:55","slug":"arpa-de-cristal-ligera-tierra-ligera-om-do","status":"publish","type":"product","link":"https:\/\/test.crystalharps.com\/es\/producto\/arpa-de-cristal-ligera-tierra-ligera-om-do\/","title":{"rendered":"Arpa de cristal ligera ~ Tierra ligera OM Do#"},"content":{"rendered":"<div class=\"elementor-element elementor-element-f9fa9b6 elementor-widget elementor-widget-heading\" data-id=\"f9fa9b6\" data-element_type=\"widget\" data-widget_type=\"heading.default\">\n<div class=\"elementor-widget-container\">\n<p><strong>Arpa de cristal ligera<\/strong>: un modelo m\u00e1s peque\u00f1o y compacto que puede llevar f\u00e1cilmente a cualquier parte.<\/p>\n<p>Esta tonalidad de conexi\u00f3n a tierra ayuda a encontrar el equilibrio entre el Cielo y la Tierra. La escala nos armoniza con la naturaleza circundante. Apoya varios procesos de curaci\u00f3n sonora.  <\/p>\n<p><strong>Estado de \u00e1nimo:<\/strong> Profundidad, Conexi\u00f3n a tierra, Presencia, Procesos de curaci\u00f3n<\/p>\n<p>&nbsp;<\/p>\n<p><strong>Es m\u00e1s ligera que un arpa tradicional<\/strong>, por lo que las manos peque\u00f1as disfrutar\u00e1n de su peso de aprox. 1 kg.<br \/>\nRequiere poco espacio de almacenamiento y se transporta f\u00e1cilmente.<br \/>\nTambi\u00e9n est\u00e1 clasificada como equipaje de mano en un avi\u00f3n (versi\u00f3n maleta). <\/p>\n<p>Se utiliza exactamente igual que un arpa de 9 notas de tama\u00f1o completo y suena igual de hermosa, aunque es un instrumento de sonido m\u00e1s agudo. Podemos tocar con mazos, manos y agua.<br \/>\nTambi\u00e9n le animamos a escuchar el arpa de 9 notas de tama\u00f1o completo, que tiene un espectro de tonos m\u00e1s amplio que incluye sonidos tanto graves como agudos. <\/p>\n<p>&nbsp;<\/p>\n<p>El instrumento viene con una bolsa especial para su transporte y almacenamiento. Equipada con una correa para el hombro y un bolsillo grande para un mazo y accesorios. Cada pared est\u00e1 reforzada y el interior est\u00e1 forrado con terciopelo impermeable que realza la belleza del instrumento. Las dimensiones de la bolsa son de aprox. 62 x 47 x 17 cm (24,5 x 18,5 x 6,5 in).<br \/>\n<strong>Declaramos que la pureza del cuarzo utilizado en el instrumento es del 99,8 % y la precisi\u00f3n de la afinaci\u00f3n es de 0,1 Hz.<\/strong><\/p>\n<p>Notas: <strong>Do#5, Mi5, Fa#5, Sol#5, La5, Si5<\/strong> con una precisi\u00f3n de afinaci\u00f3n extremadamente exacta de hasta 0,1 Hz.<br \/>\nEscala <span class=\"HwtZe\" lang=\"en\"><span class=\"jCAhz ChMk0b\"><span class=\"ryNqvb\">a elegir<\/span><\/span><\/span>: <strong>natural a=432 Hz<\/strong> o <strong>cl\u00e1sica a=440 Hz<\/strong><\/p>\n<p>Estado de \u00e1nimo: <strong>misterioso, brillo, espont\u00e1neo, alquimia del aqu\u00ed y ahora.<\/strong><\/p>\n<p><strong>El juego incluye:<\/strong><br \/>\n\u2013 Arpa de cristal ligera \u2013 Do# Tierra Om<br \/>\n\u2013 <span class=\"HwtZe\" lang=\"en\"><span class=\"jCAhz ChMk0b\"><span class=\"ryNqvb\">Bolsa de transporte reforzada<\/span><\/span><\/span><br \/>\n\u2013 Mazo de juego<br \/>\n\u2013 Manual con declaraci\u00f3n de calidad y n\u00famero de serie<br \/>\n\u2013 Pa\u00f1o de limpieza y fijaciones de repuesto.<\/p>\n<p><strong>Peso:<\/strong><br \/>\nEl arpa de cristal en s\u00ed pesa aprox. 0,8 kg.<br \/>\nEl instrumento colocado en un estuche pesa aprox. 3,8 kg.  <\/p>\n<p>Le animamos a comenzar su aventura con este extraordinario y m\u00e1gico instrumento.<\/p>\n<\/div>\n<\/div>\n","protected":false},"excerpt":{"rendered":"<p>Esta tonalidad de conexi\u00f3n a tierra ayuda a encontrar el equilibrio entre el Cielo y la Tierra. La escala nos armoniza con la naturaleza circundante. Apoya varios procesos de curaci\u00f3n sonora.  <\/p>\n<p>Notas: <strong>Do#5, Mi5, Fa#5, Sol#5, La5, Si5<\/strong><\/p>\n<p>Estado de \u00e1nimo: <strong>misterioso, brillo, espont\u00e1neo, alquimia del aqu\u00ed y ahora.<\/strong><\/p>\n","protected":false},"featured_media":5305,"comment_status":"open","ping_status":"closed","template":"","meta":{"_wge_video_url":""},"product_brand":[],"product_cat":[163],"product_tag":[],"class_list":{"0":"post-5405","1":"product","2":"type-product","3":"status-publish","4":"has-post-thumbnail","6":"product_cat-pequenas-arpas-de-cristal","8":"first","9":"instock","10":"taxable","11":"shipping-taxable","12":"purchasable","13":"product-type-variable"},"aioseo_notices":[],"_links":{"self":[{"href":"https:\/\/test.crystalharps.com\/es\/wp-json\/wp\/v2\/product\/5405","targetHints":{"allow":["GET"]}}],"collection":[{"href":"https:\/\/test.crystalharps.com\/es\/wp-json\/wp\/v2\/product"}],"about":[{"href":"https:\/\/test.crystalharps.com\/es\/wp-json\/wp\/v2\/types\/product"}],"replies":[{"embeddable":true,"href":"https:\/\/test.crystalharps.com\/es\/wp-json\/wp\/v2\/comments?post=5405"}],"version-history":[{"count":0,"href":"https:\/\/test.crystalharps.com\/es\/wp-json\/wp\/v2\/product\/5405\/revisions"}],"wp:featuredmedia":[{"embeddable":true,"href":"https:\/\/test.crystalharps.com\/es\/wp-json\/wp\/v2\/media\/5305"}],"wp:attachment":[{"href":"https:\/\/test.crystalharps.com\/es\/wp-json\/wp\/v2\/media?parent=5405"}],"wp:term":[{"taxonomy":"product_brand","embeddable":true,"href":"https:\/\/test.crystalharps.com\/es\/wp-json\/wp\/v2\/product_brand?post=5405"},{"taxonomy":"product_cat","embeddable":true,"href":"https:\/\/test.crystalharps.com\/es\/wp-json\/wp\/v2\/product_cat?post=5405"},{"taxonomy":"product_tag","embeddable":true,"href":"https:\/\/test.crystalharps.com\/es\/wp-json\/wp\/v2\/product_tag?post=5405"}],"curies":[{"name":"wp","href":"https:\/\/api.w.org\/{rel}","templated":true}]}}