{"id":5471,"date":"2024-11-24T13:03:07","date_gmt":"2024-11-24T12:03:07","guid":{"rendered":"http:\/\/test.crystalharps.com\/product\/arpa-de-cristal-tortuga-para-handpan-f-pigmeo\/"},"modified":"2024-11-24T13:03:07","modified_gmt":"2024-11-24T12:03:07","slug":"arpa-de-cristal-tortuga-para-handpan-f-pigmeo","status":"publish","type":"product","link":"https:\/\/test.crystalharps.com\/es\/producto\/arpa-de-cristal-tortuga-para-handpan-f-pigmeo\/","title":{"rendered":"Arpa de cristal Tortuga para Handpan ~ F# Pigmeo"},"content":{"rendered":"<p>El arpa de cristal es un instrumento hermoso y de sonido armonioso.<\/p>\n<p><strong>Este modelo se ha creado especialmente para tocarlo junto con un handpan.<\/strong> Tiene un patr\u00f3n mel\u00f3dico especialmente preparado y un tono ding bajo adicional.<\/p>\n<p>Tiene un sustain extremadamente largo y crea a la perfecci\u00f3n un fondo de tonos cristalinos a partir del handpan, y tambi\u00e9n permite una mayor modulaci\u00f3n del sonido en vivo y una mayor diversi\u00f3n con nuevas <span class=\"HwtZe\" lang=\"en\"><span class=\"jCAhz ChMk0b\"><span class=\"ryNqvb\">cualidades ac\u00fasticas<\/span><\/span><\/span> a trav\u00e9s de los arm\u00f3nicos \u00fanicos que tiene este instrumento. Esta combinaci\u00f3n crea una armon\u00eda extremadamente mel\u00f3dica que ser\u00e1 apreciada por muchos. <\/p>\n<p>El sonido que sale del instrumento puede describirse como arm\u00f3nico, et\u00e9reo e inusual, porque la gente no est\u00e1 familiarizada con los arm\u00f3nicos de un cristal de cuarzo, que son bastante diferentes del metal o la madera. El resultado para el receptor es deleite y, a menudo, felicidad instant\u00e1nea. <\/p>\n<p>Los modelos destinados a tocar con handpans se llaman <strong>Tortugas<\/strong> y tambi\u00e9n tienen ese s\u00edmbolo en la diadema superior del instrumento.<\/p>\n<p>&nbsp;<\/p>\n<p>&nbsp;<\/p>\n<p>El arpa <b>~Tortuga ~<\/b> <strong>F# Pigmeo<\/strong> consta de 9 tubos de cuarzo afinados en las siguientes notas:<\/p>\n<p><strong>F#4 ,G#4, A4, C#5, E5, F#5, G#5, A5, C#6<\/strong> con una precisi\u00f3n de afinaci\u00f3n extremadamente exacta de hasta 0,1 Hz.<\/p>\n<p>Escala: <strong>natural a=432 Hz o cl\u00e1sica a=440 Hz<br \/>\n<\/strong><\/p>\n<p>&nbsp;<\/p>\n<p>Los tubos est\u00e1n hechos de cristal de cuarzo con una pureza del 99,8 %. Por esta raz\u00f3n, conserva la calidad ac\u00fastica de los cuencos de cristal, pero suena de una forma completamente nueva. <\/p>\n<p>&nbsp;<\/p>\n<p>La longitud del arpa es de 54 cm, su anchura es de 55 cm y el peso del instrumento en s\u00ed es de aprox. 1,2 kg. <\/p>\n<p>&nbsp;<\/p>\n<p>El arpa <strong>~Tortuga ~ F# Pigmeo~<\/strong> es completamente transparente. El cuerpo est\u00e1 hecho de acr\u00edlico, y todos los elementos adicionales permiten que la luz pase a trav\u00e9s, lo que la hace sentir m\u00e1s et\u00e9rea. <\/p>\n<p>&nbsp;<\/p>\n<p>El arpa se puede sujetar con la mano utilizando el asa central o colocarla en un soporte.<\/p>\n<p>Se puede tocar de varias maneras: golpeando con las mazas o, lo que es m\u00e1s agradable, con los dedos (golpeando ligeramente con las u\u00f1as). Tambi\u00e9n se puede obtener un efecto ac\u00fastico completamente diferente frotando los tubos con las manos humedecidas con agua. <\/p>\n<p>Al mover el arpa lateralmente mientras se toca, su sonido experimenta modulaciones adicionales.<\/p>\n<p>&nbsp;<\/p>\n<p><strong>El conjunto incluye:<\/strong><\/p>\n<p>\u2013 Arpa de cristal ~ Tortuga ~ F# Pigmeo<\/p>\n<p>\u2013 Juego de mazas<\/p>\n<p>\u2013 Soporte plegable (para colocar el arpa)<\/p>\n<p>\u2013 Un folleto con instrucciones en 5 idiomas (ingl\u00e9s, polaco, alem\u00e1n, espa\u00f1ol, franc\u00e9s) y una declaraci\u00f3n de calidad del producto con un n\u00famero de serie<\/p>\n<p>\u2013 Mochila r\u00edgida reforzada con material ABS resistente y ligero y forrada con terciopelo impermeable en el interior (para transportar el instrumento en la espalda o con una correa para el hombro).<\/p>\n<p>&nbsp;<\/p>\n<p><strong>V\u00cdDEO (arpa de cristal tortuga Fis Pigmeo + handpan Fis Pigmeo):<\/strong><\/p>\n<p><iframe title=\"Tomek Torres - Handpan concert with crystal harp ~ Turtle F# Pygmy.\" width=\"563\" height=\"1000\" src=\"https:\/\/www.youtube.com\/embed\/Z5fuTaQEnRc?feature=oembed\" frameborder=\"0\" allow=\"accelerometer; autoplay; clipboard-write; encrypted-media; gyroscope; picture-in-picture; web-share\" referrerpolicy=\"strict-origin-when-cross-origin\" allowfullscreen><\/iframe><\/p>\n<p><iframe title=\"Tomek Torres play on crystal harp.\" width=\"563\" height=\"1000\" src=\"https:\/\/www.youtube.com\/embed\/EeoDE7cYCeM?feature=oembed\" frameborder=\"0\" allow=\"accelerometer; autoplay; clipboard-write; encrypted-media; gyroscope; picture-in-picture; web-share\" referrerpolicy=\"strict-origin-when-cross-origin\" allowfullscreen><\/iframe><\/p>\n","protected":false},"excerpt":{"rendered":"<p><strong>Este modelo fue creado especialmente para ser tocado junto con un handpan.<\/strong> Tiene un patr\u00f3n mel\u00f3dico especialmente preparado y un tono ding bajo adicional.<\/p>\n<p>Notas: <strong>F#4 ,G#4, A4, C#5, E5, F#5, G#5, A5, C#6<\/strong> con una precisi\u00f3n de afinaci\u00f3n extremadamente exacta de hasta 0,1 Hz.<\/p>\n","protected":false},"featured_media":5472,"comment_status":"open","ping_status":"closed","template":"","meta":{"_wge_video_url":""},"product_brand":[],"product_cat":[166],"product_tag":[],"class_list":{"0":"post-5471","1":"product","2":"type-product","3":"status-publish","4":"has-post-thumbnail","6":"product_cat-arpas-para-handpans","8":"first","9":"instock","10":"taxable","11":"shipping-taxable","12":"purchasable","13":"product-type-variable"},"aioseo_notices":[],"_links":{"self":[{"href":"https:\/\/test.crystalharps.com\/es\/wp-json\/wp\/v2\/product\/5471","targetHints":{"allow":["GET"]}}],"collection":[{"href":"https:\/\/test.crystalharps.com\/es\/wp-json\/wp\/v2\/product"}],"about":[{"href":"https:\/\/test.crystalharps.com\/es\/wp-json\/wp\/v2\/types\/product"}],"replies":[{"embeddable":true,"href":"https:\/\/test.crystalharps.com\/es\/wp-json\/wp\/v2\/comments?post=5471"}],"version-history":[{"count":0,"href":"https:\/\/test.crystalharps.com\/es\/wp-json\/wp\/v2\/product\/5471\/revisions"}],"wp:featuredmedia":[{"embeddable":true,"href":"https:\/\/test.crystalharps.com\/es\/wp-json\/wp\/v2\/media\/5472"}],"wp:attachment":[{"href":"https:\/\/test.crystalharps.com\/es\/wp-json\/wp\/v2\/media?parent=5471"}],"wp:term":[{"taxonomy":"product_brand","embeddable":true,"href":"https:\/\/test.crystalharps.com\/es\/wp-json\/wp\/v2\/product_brand?post=5471"},{"taxonomy":"product_cat","embeddable":true,"href":"https:\/\/test.crystalharps.com\/es\/wp-json\/wp\/v2\/product_cat?post=5471"},{"taxonomy":"product_tag","embeddable":true,"href":"https:\/\/test.crystalharps.com\/es\/wp-json\/wp\/v2\/product_tag?post=5471"}],"curies":[{"name":"wp","href":"https:\/\/api.w.org\/{rel}","templated":true}]}}