{"id":1417,"date":"2024-09-13T11:57:47","date_gmt":"2024-09-13T09:57:47","guid":{"rendered":"http:\/\/test.crystalharps.com\/service-fr-copy\/"},"modified":"2026-01-14T10:24:41","modified_gmt":"2026-01-14T09:24:41","slug":"service-pl","status":"publish","type":"page","link":"https:\/\/test.crystalharps.com\/pl\/service-pl\/","title":{"rendered":"Serwis"},"content":{"rendered":"\t\t<div data-elementor-type=\"wp-page\" data-elementor-id=\"1417\" class=\"elementor elementor-1417 elementor-437\" data-elementor-post-type=\"page\">\n\t\t\t\t<div class=\"elementor-element elementor-element-d4c9697 e-con-full e-flex e-con e-parent\" data-id=\"d4c9697\" data-element_type=\"container\" data-e-type=\"container\" data-settings=\"{&quot;background_background&quot;:&quot;classic&quot;}\">\n\t\t\t\t<div class=\"elementor-element elementor-element-0e812d0 elementor-widget elementor-widget-heading\" data-id=\"0e812d0\" data-element_type=\"widget\" data-e-type=\"widget\" data-widget_type=\"heading.default\">\n\t\t\t\t<div class=\"elementor-widget-container\">\n\t\t\t\t\t<h2 class=\"elementor-heading-title elementor-size-default\">Serwis<\/h2>\t\t\t\t<\/div>\n\t\t\t\t<\/div>\n\t\t\t\t<\/div>\n\t\t<div class=\"elementor-element elementor-element-11383c2 e-flex e-con-boxed e-con e-parent\" data-id=\"11383c2\" data-element_type=\"container\" data-e-type=\"container\">\n\t\t\t\t\t<div class=\"e-con-inner\">\n\t\t\t\t<div class=\"elementor-element elementor-element-93c338e elementor-widget elementor-widget-text-editor\" data-id=\"93c338e\" data-element_type=\"widget\" data-e-type=\"widget\" data-widget_type=\"text-editor.default\">\n\t\t\t\t<div class=\"elementor-widget-container\">\n\t\t\t\t\t\t\t\t\t<p>Oferujemy pe\u0142ne wsparcie dla naszych instrument\u00f3w. Je\u015bli ma Pan\/Pani jakiekolwiek trudno\u015bci i potrzebuje naprawy lub czyszczenia instrumentu, postaramy si\u0119 pom\u00f3c. <\/p><p>Instrument mo\u017ce zosta\u0107 serwisowany poprzez przes\u0142anie go do nas lub, je\u015bli jest to drobny problem, oferujemy wys\u0142anie uszkodzonej cz\u0119\u015bci wraz z wyja\u015bnieniem, jak j\u0105 wymieni\u0107.<\/p><p>Je\u015bli ma Pan\/Pani jakiekolwiek problemy z naszym instrumentem, ch\u0119tnie pomo\u017cemy. Prosz\u0119 napisa\u0107 do nas o swojej sprawie na adres: <strong>hi@etherealwings.eu<\/strong> <\/p>\t\t\t\t\t\t\t\t<\/div>\n\t\t\t\t<\/div>\n\t\t\t\t\t<\/div>\n\t\t\t\t<\/div>\n\t\t\t\t<\/div>\n\t\t","protected":false},"excerpt":{"rendered":"<p>Serwis Oferujemy pe\u0142ne wsparcie dla naszych instrument\u00f3w. Je\u015bli ma Pan\/Pani jakiekolwiek trudno\u015bci i potrzebuje naprawy lub czyszczenia instrumentu, postaramy si\u0119 pom\u00f3c. Instrument mo\u017ce zosta\u0107 serwisowany poprzez przes\u0142anie go do nas lub, je\u015bli jest to drobny problem, oferujemy wys\u0142anie uszkodzonej cz\u0119\u015bci wraz z wyja\u015bnieniem, jak j\u0105 wymieni\u0107. Je\u015bli ma Pan\/Pani jakiekolwiek problemy z naszym instrumentem, ch\u0119tnie [&hellip;]<\/p>\n","protected":false},"author":1,"featured_media":0,"parent":0,"menu_order":0,"comment_status":"closed","ping_status":"closed","template":"elementor_header_footer","meta":{"footnotes":""},"class_list":["post-1417","page","type-page","status-publish","hentry"],"aioseo_notices":[],"_links":{"self":[{"href":"https:\/\/test.crystalharps.com\/pl\/wp-json\/wp\/v2\/pages\/1417","targetHints":{"allow":["GET"]}}],"collection":[{"href":"https:\/\/test.crystalharps.com\/pl\/wp-json\/wp\/v2\/pages"}],"about":[{"href":"https:\/\/test.crystalharps.com\/pl\/wp-json\/wp\/v2\/types\/page"}],"author":[{"embeddable":true,"href":"https:\/\/test.crystalharps.com\/pl\/wp-json\/wp\/v2\/users\/1"}],"replies":[{"embeddable":true,"href":"https:\/\/test.crystalharps.com\/pl\/wp-json\/wp\/v2\/comments?post=1417"}],"version-history":[{"count":6,"href":"https:\/\/test.crystalharps.com\/pl\/wp-json\/wp\/v2\/pages\/1417\/revisions"}],"predecessor-version":[{"id":5740,"href":"https:\/\/test.crystalharps.com\/pl\/wp-json\/wp\/v2\/pages\/1417\/revisions\/5740"}],"wp:attachment":[{"href":"https:\/\/test.crystalharps.com\/pl\/wp-json\/wp\/v2\/media?parent=1417"}],"curies":[{"name":"wp","href":"https:\/\/api.w.org\/{rel}","templated":true}]}}